{"id":533,"date":"2019-08-08T18:03:21","date_gmt":"2019-08-08T16:03:21","guid":{"rendered":"https:\/\/www.erich-art.it\/holzskulpturen-menschen-und-das-umfeld-copy\/"},"modified":"2022-04-18T10:42:52","modified_gmt":"2022-04-18T08:42:52","slug":"le-persone-e-lambiente","status":"publish","type":"page","link":"https:\/\/www.erich-art.it\/it\/le-persone-e-lambiente\/","title":{"rendered":"Le persone e l&#8217;ambiente"},"content":{"rendered":"<p>La societ\u00e0 e l\u2019ambiente che mi circondano influiscono involontariamente sul mio lavoro, suscitando sensazioni emotive.<br \/>\nTutto ci\u00f2 ha un impatto su di noi: Politica, media, internet, facebook, ecc.<\/p>\n<p>Lavoro intuitivamente &#8211; una mente esposta, il viso, le mani, i piedi. Le figure conducono un dialogo con i portavoce, grandi in alto, rastremati in basso.<\/p>\n<p><strong>Il lavoro \u00e8 cos\u00ec com&#8217;\u00e8.<\/strong><\/p>\n<p>Pi\u00f9 tardi, quando guardo il lavoro, riesco a capire e descrivere i pensieri e i sentimenti che mi hanno commosso e portato a fare questo.<\/p>\n<p>Li ho raffigurati nello spazio e questo \u00e8 per me come una liberazione dal treno dei pensieri.<\/p>\n<div class=\"gallery gallery-columns-4\"><figure class=\"gallery-item\"><div class=\"gallery-icon landscape\"><a href=\"https:\/\/www.erich-art.it\/wp-content\/uploads\/2022\/04\/TroEri_21C_01-2_sRGB__M-scaled.jpg\" data-lightbox=\"content\" data-title=\"\"><img decoding=\"async\" src=\"https:\/\/www.erich-art.it\/wp-content\/uploads\/2022\/04\/TroEri_21C_01-2_sRGB__M-350x350.jpg\" class=\"attachment-thumbnail size-thumbnail\" alt=\"TroEri_21C_01-2_sRGB__M\"><\/a><\/div><\/figure><figure class=\"gallery-item\"><div class=\"gallery-icon landscape\"><a href=\"https:\/\/www.erich-art.it\/wp-content\/uploads\/2022\/04\/TroEri_21B_01-2_sRGB_M-scaled.jpg\" data-lightbox=\"content\" data-title=\"\"><img decoding=\"async\" src=\"https:\/\/www.erich-art.it\/wp-content\/uploads\/2022\/04\/TroEri_21B_01-2_sRGB_M-350x350.jpg\" class=\"attachment-thumbnail size-thumbnail\" alt=\"TroEri_21B_01-2_sRGB_M\"><\/a><\/div><\/figure><figure class=\"gallery-item\"><div class=\"gallery-icon landscape\"><a href=\"https:\/\/www.erich-art.it\/wp-content\/uploads\/2020\/12\/TroEri_19B_9-10_sRGB_M-scaled.jpg\" data-lightbox=\"content\" data-title=\"\"><img decoding=\"async\" src=\"https:\/\/www.erich-art.it\/wp-content\/uploads\/2020\/12\/TroEri_19B_9-10_sRGB_M-350x350.jpg\" class=\"attachment-thumbnail size-thumbnail\" alt=\"TroEri_19B_9-10_sRGB_M\"><\/a><\/div><\/figure><figure class=\"gallery-item\"><div class=\"gallery-icon landscape\"><a href=\"https:\/\/www.erich-art.it\/wp-content\/uploads\/2020\/07\/TroEri_20A_07_sRGB_M-scaled.jpg\" data-lightbox=\"content\" data-title=\"\"><img decoding=\"async\" src=\"https:\/\/www.erich-art.it\/wp-content\/uploads\/2020\/07\/TroEri_20A_07_sRGB_M-350x350.jpg\" class=\"attachment-thumbnail size-thumbnail\" alt=\"TroEri_20A_07_sRGB_M\"><\/a><\/div><\/figure><figure class=\"gallery-item\"><div class=\"gallery-icon landscape\"><a href=\"https:\/\/www.erich-art.it\/wp-content\/uploads\/2020\/12\/TroEri_19C_07_sRGB_M-scaled.jpg\" data-lightbox=\"content\" data-title=\"\"><img decoding=\"async\" src=\"https:\/\/www.erich-art.it\/wp-content\/uploads\/2020\/12\/TroEri_19C_07_sRGB_M-350x350.jpg\" class=\"attachment-thumbnail size-thumbnail\" alt=\"TroEri_19C_07_sRGB_M\"><\/a><\/div><\/figure><figure class=\"gallery-item\"><div class=\"gallery-icon landscape\"><a href=\"https:\/\/www.erich-art.it\/wp-content\/uploads\/2019\/01\/KAIooGkFqweJnStum-gewordenen-Dialog3nuOMvlBVfyClbwJqKN8oE4_2Jur2A3.jpg\" data-lightbox=\"content\" data-title=\"\"><img decoding=\"async\" src=\"https:\/\/www.erich-art.it\/wp-content\/uploads\/2019\/01\/KAIooGkFqweJnStum-gewordenen-Dialog3nuOMvlBVfyClbwJqKN8oE4_2Jur2A3-350x350.jpg\" class=\"attachment-thumbnail size-thumbnail\" alt=\"KAIooGkFqweJnStum gewordenen Dialog3nuOMvlBVfyClbwJqKN8oE4_2Jur2A[3]\"><\/a><\/div><\/figure><figure class=\"gallery-item\"><div class=\"gallery-icon landscape\"><a href=\"https:\/\/www.erich-art.it\/wp-content\/uploads\/2019\/01\/Handy-Helga-123.jpg\" data-lightbox=\"content\" data-title=\"\"><img decoding=\"async\" src=\"https:\/\/www.erich-art.it\/wp-content\/uploads\/2019\/01\/Handy-Helga-123-350x350.jpg\" class=\"attachment-thumbnail size-thumbnail\" alt=\"Handy Helga 123\"><\/a><\/div><\/figure><figure class=\"gallery-item\"><div class=\"gallery-icon landscape\"><a href=\"https:\/\/www.erich-art.it\/wp-content\/uploads\/2019\/01\/Anspruch-mit-gro\u00dfen-Sprachrohr-H-72-cm.jpg\" data-lightbox=\"content\" data-title=\"\"><img decoding=\"async\" src=\"https:\/\/www.erich-art.it\/wp-content\/uploads\/2019\/01\/Anspruch-mit-gro\u00dfen-Sprachrohr-H-72-cm-350x350.jpg\" class=\"attachment-thumbnail size-thumbnail\" alt=\"Anspruch mit gro\u00dfen Sprachrohr H = 72 cm\"><\/a><\/div><\/figure><figure class=\"gallery-item\"><div class=\"gallery-icon landscape\"><a href=\"https:\/\/www.erich-art.it\/wp-content\/uploads\/2019\/01\/Anspruch-mit-kleinem-Sprachrohr-H-44-cm.jpg\" data-lightbox=\"content\" data-title=\"\"><img decoding=\"async\" src=\"https:\/\/www.erich-art.it\/wp-content\/uploads\/2019\/01\/Anspruch-mit-kleinem-Sprachrohr-H-44-cm-350x350.jpg\" class=\"attachment-thumbnail size-thumbnail\" alt=\"Anspruch mit kleinem Sprachrohr H = 44 cm\"><\/a><\/div><\/figure><figure class=\"gallery-item\"><div class=\"gallery-icon landscape\"><a href=\"https:\/\/www.erich-art.it\/wp-content\/uploads\/2019\/01\/Bilder-bis-zum-01.06.12-013-k2.jpg\" data-lightbox=\"content\" data-title=\"\"><img decoding=\"async\" src=\"https:\/\/www.erich-art.it\/wp-content\/uploads\/2019\/01\/Bilder-bis-zum-01.06.12-013-k2-350x350.jpg\" class=\"attachment-thumbnail size-thumbnail\" alt=\"Bilder-bis-zum-01.06.12-013-k2\"><\/a><\/div><\/figure><figure class=\"gallery-item\"><div class=\"gallery-icon landscape\"><a href=\"https:\/\/www.erich-art.it\/wp-content\/uploads\/2019\/01\/Anspruch-mit-einem-\u00fcberdimentionalen-Sprachrohr-H-134-cm-L-183-cm-2.jpg\" data-lightbox=\"content\" data-title=\"\"><img decoding=\"async\" src=\"https:\/\/www.erich-art.it\/wp-content\/uploads\/2019\/01\/Anspruch-mit-einem-\u00fcberdimentionalen-Sprachrohr-H-134-cm-L-183-cm-2-350x350.jpg\" class=\"attachment-thumbnail size-thumbnail\" alt=\"Anspruch mit einem \u00fcberdimentionalen Sprachrohr H =134 cm L = 183 cm-2\"><\/a><\/div><\/figure><figure class=\"gallery-item\"><div class=\"gallery-icon landscape\"><a href=\"https:\/\/www.erich-art.it\/wp-content\/uploads\/2018\/12\/figur.png\" data-lightbox=\"content\" data-title=\"\"><img decoding=\"async\" src=\"https:\/\/www.erich-art.it\/wp-content\/uploads\/2018\/12\/figur-350x350.png\" class=\"attachment-thumbnail size-thumbnail\" alt=\"figur\"><\/a><\/div><\/figure><figure class=\"gallery-item\"><div class=\"gallery-icon landscape\"><a href=\"https:\/\/www.erich-art.it\/wp-content\/uploads\/2019\/01\/Der-Stum-gewordene-Dialog.jpg\" data-lightbox=\"content\" data-title=\"\"><img decoding=\"async\" src=\"https:\/\/www.erich-art.it\/wp-content\/uploads\/2019\/01\/Der-Stum-gewordene-Dialog-350x350.jpg\" class=\"attachment-thumbnail size-thumbnail\" alt=\"Der-Stum-gewordene-Dialog\"><\/a><\/div><\/figure><figure class=\"gallery-item\"><div class=\"gallery-icon landscape\"><a href=\"https:\/\/www.erich-art.it\/wp-content\/uploads\/2019\/01\/Sprachrohr-2.jpg\" data-lightbox=\"content\" data-title=\"\"><img decoding=\"async\" src=\"https:\/\/www.erich-art.it\/wp-content\/uploads\/2019\/01\/Sprachrohr-2-350x350.jpg\" class=\"attachment-thumbnail size-thumbnail\" alt=\"Sprachrohr 2\"><\/a><\/div><\/figure><figure class=\"gallery-item\"><div class=\"gallery-icon landscape\"><a href=\"https:\/\/www.erich-art.it\/wp-content\/uploads\/2019\/01\/Sprachrohr-1.jpg\" data-lightbox=\"content\" data-title=\"\"><img decoding=\"async\" src=\"https:\/\/www.erich-art.it\/wp-content\/uploads\/2019\/01\/Sprachrohr-1-350x350.jpg\" class=\"attachment-thumbnail size-thumbnail\" alt=\"Sprachrohr 1\"><\/a><\/div><\/figure><figure class=\"gallery-item\"><div class=\"gallery-icon landscape\"><a href=\"https:\/\/www.erich-art.it\/wp-content\/uploads\/2019\/02\/2.jpg\" data-lightbox=\"content\" data-title=\"\"><img decoding=\"async\" src=\"https:\/\/www.erich-art.it\/wp-content\/uploads\/2019\/02\/2-350x350.jpg\" class=\"attachment-thumbnail size-thumbnail\" alt=\"2\"><\/a><\/div><\/figure><figure class=\"gallery-item\"><div class=\"gallery-icon landscape\"><a href=\"https:\/\/www.erich-art.it\/wp-content\/uploads\/2019\/02\/20130226_MK81761.jpg\" data-lightbox=\"content\" data-title=\"\"><img decoding=\"async\" src=\"https:\/\/www.erich-art.it\/wp-content\/uploads\/2019\/02\/20130226_MK81761-350x350.jpg\" class=\"attachment-thumbnail size-thumbnail\" alt=\"20130226_MK81761\"><\/a><\/div><\/figure><figure class=\"gallery-item\"><div class=\"gallery-icon landscape\"><a href=\"https:\/\/www.erich-art.it\/wp-content\/uploads\/2019\/02\/20130226_MK81682.jpg\" data-lightbox=\"content\" data-title=\"\"><img decoding=\"async\" src=\"https:\/\/www.erich-art.it\/wp-content\/uploads\/2019\/02\/20130226_MK81682-350x350.jpg\" class=\"attachment-thumbnail size-thumbnail\" alt=\"20130226_MK81682\"><\/a><\/div><\/figure><\/div>\n","protected":false},"excerpt":{"rendered":"<p>La societ\u00e0 e l\u2019ambiente che mi circondano influiscono involontariamente sul mio lavoro, suscitando sensazioni emotive. Tutto ci\u00f2 ha un impatto su di noi: Politica, media, internet, facebook, ecc. Lavoro intuitivamente &#8211; una mente esposta, il viso, le mani, i piedi. Le figure conducono un dialogo con i portavoce, grandi in alto, rastremati in basso. Il [&hellip;]<\/p>\n","protected":false},"author":2,"featured_media":0,"parent":0,"menu_order":3,"comment_status":"closed","ping_status":"closed","template":"","meta":{"_acf_changed":false,"footnotes":""},"class_list":["post-533","page","type-page","status-publish","hentry"],"acf":[],"yoast_head":"<!-- This site is optimized with the Yoast SEO plugin v26.0 - https:\/\/yoast.com\/wordpress\/plugins\/seo\/ -->\n<title>Holzskulpturen Menschen und das Umfeld - Bildhauer Trocker Erich<\/title>\n<meta name=\"description\" content=\"Menschen und das Umfeld \u201esind Gebilde (H\u00f6r- und Sprachr\u00f6hre) nach oben \u00d6ffnungen, zum Boden hin verj\u00fcngern sie sich und sind auch verwurzelt\u201c.\" \/>\n<meta name=\"robots\" content=\"index, follow, max-snippet:-1, max-image-preview:large, max-video-preview:-1\" \/>\n<link rel=\"canonical\" href=\"https:\/\/www.erich-art.it\/it\/le-persone-e-lambiente\/\" \/>\n<meta property=\"og:locale\" content=\"it_IT\" \/>\n<meta property=\"og:type\" content=\"article\" \/>\n<meta property=\"og:title\" content=\"Holzskulpturen Menschen und das Umfeld - Bildhauer Trocker Erich\" \/>\n<meta property=\"og:description\" content=\"Menschen und das Umfeld \u201esind Gebilde (H\u00f6r- und Sprachr\u00f6hre) nach oben \u00d6ffnungen, zum Boden hin verj\u00fcngern sie sich und sind auch verwurzelt\u201c.\" \/>\n<meta property=\"og:url\" content=\"https:\/\/www.erich-art.it\/it\/le-persone-e-lambiente\/\" \/>\n<meta property=\"og:site_name\" content=\"Trocker Erich - Scultore e intagliatore di legno\" \/>\n<meta property=\"article:modified_time\" content=\"2022-04-18T08:42:52+00:00\" \/>\n<meta property=\"og:image\" content=\"https:\/\/www.erich-art.it\/wp-content\/uploads\/2022\/04\/TroEri_21C_01-2_sRGB__M-350x350.jpg\" \/>\n<meta name=\"twitter:card\" content=\"summary_large_image\" \/>\n<meta name=\"twitter:label1\" content=\"Est. reading time\" \/>\n\t<meta name=\"twitter:data1\" content=\"1 minute\" \/>\n<script type=\"application\/ld+json\" class=\"yoast-schema-graph\">{\"@context\":\"https:\/\/schema.org\",\"@graph\":[{\"@type\":\"WebPage\",\"@id\":\"https:\/\/www.erich-art.it\/it\/le-persone-e-lambiente\/\",\"url\":\"https:\/\/www.erich-art.it\/it\/le-persone-e-lambiente\/\",\"name\":\"Holzskulpturen Menschen und das Umfeld - Bildhauer Trocker Erich\",\"isPartOf\":{\"@id\":\"https:\/\/www.erich-art.it\/#website\"},\"datePublished\":\"2019-08-08T16:03:21+00:00\",\"dateModified\":\"2022-04-18T08:42:52+00:00\",\"description\":\"Menschen und das Umfeld \u201esind Gebilde (H\u00f6r- und Sprachr\u00f6hre) nach oben \u00d6ffnungen, zum Boden hin verj\u00fcngern sie sich und sind auch verwurzelt\u201c.\",\"breadcrumb\":{\"@id\":\"https:\/\/www.erich-art.it\/it\/le-persone-e-lambiente\/#breadcrumb\"},\"inLanguage\":\"it-IT\",\"potentialAction\":[{\"@type\":\"ReadAction\",\"target\":[\"https:\/\/www.erich-art.it\/it\/le-persone-e-lambiente\/\"]}]},{\"@type\":\"BreadcrumbList\",\"@id\":\"https:\/\/www.erich-art.it\/it\/le-persone-e-lambiente\/#breadcrumb\",\"itemListElement\":[{\"@type\":\"ListItem\",\"position\":1,\"name\":\"Startseite\",\"item\":\"https:\/\/www.erich-art.it\/it\/\"},{\"@type\":\"ListItem\",\"position\":2,\"name\":\"Le persone e l&#8217;ambiente\"}]},{\"@type\":\"WebSite\",\"@id\":\"https:\/\/www.erich-art.it\/#website\",\"url\":\"https:\/\/www.erich-art.it\/\",\"name\":\"Trocker Erich :: Bildhauer\",\"description\":\"\",\"potentialAction\":[{\"@type\":\"SearchAction\",\"target\":{\"@type\":\"EntryPoint\",\"urlTemplate\":\"https:\/\/www.erich-art.it\/?s={search_term_string}\"},\"query-input\":{\"@type\":\"PropertyValueSpecification\",\"valueRequired\":true,\"valueName\":\"search_term_string\"}}],\"inLanguage\":\"it-IT\"}]}<\/script>\n<!-- \/ Yoast SEO plugin. -->","yoast_head_json":{"title":"Holzskulpturen Menschen und das Umfeld - Bildhauer Trocker Erich","description":"Menschen und das Umfeld \u201esind Gebilde (H\u00f6r- und Sprachr\u00f6hre) nach oben \u00d6ffnungen, zum Boden hin verj\u00fcngern sie sich und sind auch verwurzelt\u201c.","robots":{"index":"index","follow":"follow","max-snippet":"max-snippet:-1","max-image-preview":"max-image-preview:large","max-video-preview":"max-video-preview:-1"},"canonical":"https:\/\/www.erich-art.it\/it\/le-persone-e-lambiente\/","og_locale":"it_IT","og_type":"article","og_title":"Holzskulpturen Menschen und das Umfeld - Bildhauer Trocker Erich","og_description":"Menschen und das Umfeld \u201esind Gebilde (H\u00f6r- und Sprachr\u00f6hre) nach oben \u00d6ffnungen, zum Boden hin verj\u00fcngern sie sich und sind auch verwurzelt\u201c.","og_url":"https:\/\/www.erich-art.it\/it\/le-persone-e-lambiente\/","og_site_name":"Trocker Erich - Scultore e intagliatore di legno","article_modified_time":"2022-04-18T08:42:52+00:00","og_image":[{"url":"https:\/\/www.erich-art.it\/wp-content\/uploads\/2022\/04\/TroEri_21C_01-2_sRGB__M-350x350.jpg","type":"","width":"","height":""}],"twitter_card":"summary_large_image","twitter_misc":{"Est. reading time":"1 minute"},"schema":{"@context":"https:\/\/schema.org","@graph":[{"@type":"WebPage","@id":"https:\/\/www.erich-art.it\/it\/le-persone-e-lambiente\/","url":"https:\/\/www.erich-art.it\/it\/le-persone-e-lambiente\/","name":"Holzskulpturen Menschen und das Umfeld - Bildhauer Trocker Erich","isPartOf":{"@id":"https:\/\/www.erich-art.it\/#website"},"datePublished":"2019-08-08T16:03:21+00:00","dateModified":"2022-04-18T08:42:52+00:00","description":"Menschen und das Umfeld \u201esind Gebilde (H\u00f6r- und Sprachr\u00f6hre) nach oben \u00d6ffnungen, zum Boden hin verj\u00fcngern sie sich und sind auch verwurzelt\u201c.","breadcrumb":{"@id":"https:\/\/www.erich-art.it\/it\/le-persone-e-lambiente\/#breadcrumb"},"inLanguage":"it-IT","potentialAction":[{"@type":"ReadAction","target":["https:\/\/www.erich-art.it\/it\/le-persone-e-lambiente\/"]}]},{"@type":"BreadcrumbList","@id":"https:\/\/www.erich-art.it\/it\/le-persone-e-lambiente\/#breadcrumb","itemListElement":[{"@type":"ListItem","position":1,"name":"Startseite","item":"https:\/\/www.erich-art.it\/it\/"},{"@type":"ListItem","position":2,"name":"Le persone e l&#8217;ambiente"}]},{"@type":"WebSite","@id":"https:\/\/www.erich-art.it\/#website","url":"https:\/\/www.erich-art.it\/","name":"Trocker Erich :: Bildhauer","description":"","potentialAction":[{"@type":"SearchAction","target":{"@type":"EntryPoint","urlTemplate":"https:\/\/www.erich-art.it\/?s={search_term_string}"},"query-input":{"@type":"PropertyValueSpecification","valueRequired":true,"valueName":"search_term_string"}}],"inLanguage":"it-IT"}]}},"_links":{"self":[{"href":"https:\/\/www.erich-art.it\/it\/wp-json\/wp\/v2\/pages\/533","targetHints":{"allow":["GET"]}}],"collection":[{"href":"https:\/\/www.erich-art.it\/it\/wp-json\/wp\/v2\/pages"}],"about":[{"href":"https:\/\/www.erich-art.it\/it\/wp-json\/wp\/v2\/types\/page"}],"author":[{"embeddable":true,"href":"https:\/\/www.erich-art.it\/it\/wp-json\/wp\/v2\/users\/2"}],"replies":[{"embeddable":true,"href":"https:\/\/www.erich-art.it\/it\/wp-json\/wp\/v2\/comments?post=533"}],"version-history":[{"count":6,"href":"https:\/\/www.erich-art.it\/it\/wp-json\/wp\/v2\/pages\/533\/revisions"}],"predecessor-version":[{"id":870,"href":"https:\/\/www.erich-art.it\/it\/wp-json\/wp\/v2\/pages\/533\/revisions\/870"}],"wp:attachment":[{"href":"https:\/\/www.erich-art.it\/it\/wp-json\/wp\/v2\/media?parent=533"}],"curies":[{"name":"wp","href":"https:\/\/api.w.org\/{rel}","templated":true}]}}