{"id":536,"date":"2019-08-08T18:06:51","date_gmt":"2019-08-08T16:06:51","guid":{"rendered":"https:\/\/www.erich-art.it\/holzskulpturen-menschen-und-das-umfeld-copy\/"},"modified":"2022-04-18T10:43:12","modified_gmt":"2022-04-18T08:43:12","slug":"people-and-the-environment","status":"publish","type":"page","link":"https:\/\/www.erich-art.it\/en\/people-and-the-environment\/","title":{"rendered":"People and the environment"},"content":{"rendered":"<p>The society and the environment involuntarily affect my work, provoking emotional sensations. Everything has an impact on us: Politics, media, internet, facebook, etc.<\/p>\n<p>I work intuitively &#8211; an exposed mind, the face, hands and feet. The figures lead a dialogue with the speech -\/listening- tubes, larger at the top, slimmer at the bottom.<\/p>\n<p><strong>The work is as it is.<\/strong><\/p>\n<p>Later, when I look at the work, I can understand the thoughts and feelings that have moved me to make this.<\/p>\n<p>To represent them spatial is for me like a release from the train of thoughts.<\/p>\n<div class=\"gallery gallery-columns-4\"><figure class=\"gallery-item\"><div class=\"gallery-icon landscape\"><a href=\"https:\/\/www.erich-art.it\/wp-content\/uploads\/2022\/04\/TroEri_21C_01-2_sRGB__M-scaled.jpg\" data-lightbox=\"content\" data-title=\"\"><img decoding=\"async\" src=\"https:\/\/www.erich-art.it\/wp-content\/uploads\/2022\/04\/TroEri_21C_01-2_sRGB__M-350x350.jpg\" class=\"attachment-thumbnail size-thumbnail\" alt=\"TroEri_21C_01-2_sRGB__M\"><\/a><\/div><\/figure><figure class=\"gallery-item\"><div class=\"gallery-icon landscape\"><a href=\"https:\/\/www.erich-art.it\/wp-content\/uploads\/2022\/04\/TroEri_21B_01-2_sRGB_M-scaled.jpg\" data-lightbox=\"content\" data-title=\"\"><img decoding=\"async\" src=\"https:\/\/www.erich-art.it\/wp-content\/uploads\/2022\/04\/TroEri_21B_01-2_sRGB_M-350x350.jpg\" class=\"attachment-thumbnail size-thumbnail\" alt=\"TroEri_21B_01-2_sRGB_M\"><\/a><\/div><\/figure><figure class=\"gallery-item\"><div class=\"gallery-icon landscape\"><a href=\"https:\/\/www.erich-art.it\/wp-content\/uploads\/2020\/12\/TroEri_19B_9-10_sRGB_M-scaled.jpg\" data-lightbox=\"content\" data-title=\"\"><img decoding=\"async\" src=\"https:\/\/www.erich-art.it\/wp-content\/uploads\/2020\/12\/TroEri_19B_9-10_sRGB_M-350x350.jpg\" class=\"attachment-thumbnail size-thumbnail\" alt=\"TroEri_19B_9-10_sRGB_M\"><\/a><\/div><\/figure><figure class=\"gallery-item\"><div class=\"gallery-icon landscape\"><a href=\"https:\/\/www.erich-art.it\/wp-content\/uploads\/2020\/07\/TroEri_20A_07_sRGB_M-scaled.jpg\" data-lightbox=\"content\" data-title=\"\"><img decoding=\"async\" src=\"https:\/\/www.erich-art.it\/wp-content\/uploads\/2020\/07\/TroEri_20A_07_sRGB_M-350x350.jpg\" class=\"attachment-thumbnail size-thumbnail\" alt=\"TroEri_20A_07_sRGB_M\"><\/a><\/div><\/figure><figure class=\"gallery-item\"><div class=\"gallery-icon landscape\"><a href=\"https:\/\/www.erich-art.it\/wp-content\/uploads\/2020\/12\/TroEri_19C_07_sRGB_M-scaled.jpg\" data-lightbox=\"content\" data-title=\"\"><img decoding=\"async\" src=\"https:\/\/www.erich-art.it\/wp-content\/uploads\/2020\/12\/TroEri_19C_07_sRGB_M-350x350.jpg\" class=\"attachment-thumbnail size-thumbnail\" alt=\"TroEri_19C_07_sRGB_M\"><\/a><\/div><\/figure><figure class=\"gallery-item\"><div class=\"gallery-icon landscape\"><a href=\"https:\/\/www.erich-art.it\/wp-content\/uploads\/2019\/01\/KAIooGkFqweJnStum-gewordenen-Dialog3nuOMvlBVfyClbwJqKN8oE4_2Jur2A3.jpg\" data-lightbox=\"content\" data-title=\"\"><img decoding=\"async\" src=\"https:\/\/www.erich-art.it\/wp-content\/uploads\/2019\/01\/KAIooGkFqweJnStum-gewordenen-Dialog3nuOMvlBVfyClbwJqKN8oE4_2Jur2A3-350x350.jpg\" class=\"attachment-thumbnail size-thumbnail\" alt=\"KAIooGkFqweJnStum gewordenen Dialog3nuOMvlBVfyClbwJqKN8oE4_2Jur2A[3]\"><\/a><\/div><\/figure><figure class=\"gallery-item\"><div class=\"gallery-icon landscape\"><a href=\"https:\/\/www.erich-art.it\/wp-content\/uploads\/2019\/01\/Handy-Helga-123.jpg\" data-lightbox=\"content\" data-title=\"\"><img decoding=\"async\" src=\"https:\/\/www.erich-art.it\/wp-content\/uploads\/2019\/01\/Handy-Helga-123-350x350.jpg\" class=\"attachment-thumbnail size-thumbnail\" alt=\"Handy Helga 123\"><\/a><\/div><\/figure><figure class=\"gallery-item\"><div class=\"gallery-icon landscape\"><a href=\"https:\/\/www.erich-art.it\/wp-content\/uploads\/2019\/01\/Anspruch-mit-gro\u00dfen-Sprachrohr-H-72-cm.jpg\" data-lightbox=\"content\" data-title=\"\"><img decoding=\"async\" src=\"https:\/\/www.erich-art.it\/wp-content\/uploads\/2019\/01\/Anspruch-mit-gro\u00dfen-Sprachrohr-H-72-cm-350x350.jpg\" class=\"attachment-thumbnail size-thumbnail\" alt=\"Anspruch mit gro\u00dfen Sprachrohr H = 72 cm\"><\/a><\/div><\/figure><figure class=\"gallery-item\"><div class=\"gallery-icon landscape\"><a href=\"https:\/\/www.erich-art.it\/wp-content\/uploads\/2019\/01\/Anspruch-mit-kleinem-Sprachrohr-H-44-cm.jpg\" data-lightbox=\"content\" data-title=\"\"><img decoding=\"async\" src=\"https:\/\/www.erich-art.it\/wp-content\/uploads\/2019\/01\/Anspruch-mit-kleinem-Sprachrohr-H-44-cm-350x350.jpg\" class=\"attachment-thumbnail size-thumbnail\" alt=\"Anspruch mit kleinem Sprachrohr H = 44 cm\"><\/a><\/div><\/figure><figure class=\"gallery-item\"><div class=\"gallery-icon landscape\"><a href=\"https:\/\/www.erich-art.it\/wp-content\/uploads\/2019\/01\/Bilder-bis-zum-01.06.12-013-k2.jpg\" data-lightbox=\"content\" data-title=\"\"><img decoding=\"async\" src=\"https:\/\/www.erich-art.it\/wp-content\/uploads\/2019\/01\/Bilder-bis-zum-01.06.12-013-k2-350x350.jpg\" class=\"attachment-thumbnail size-thumbnail\" alt=\"Bilder-bis-zum-01.06.12-013-k2\"><\/a><\/div><\/figure><figure class=\"gallery-item\"><div class=\"gallery-icon landscape\"><a href=\"https:\/\/www.erich-art.it\/wp-content\/uploads\/2019\/01\/Anspruch-mit-einem-\u00fcberdimentionalen-Sprachrohr-H-134-cm-L-183-cm-2.jpg\" data-lightbox=\"content\" data-title=\"\"><img decoding=\"async\" src=\"https:\/\/www.erich-art.it\/wp-content\/uploads\/2019\/01\/Anspruch-mit-einem-\u00fcberdimentionalen-Sprachrohr-H-134-cm-L-183-cm-2-350x350.jpg\" class=\"attachment-thumbnail size-thumbnail\" alt=\"Anspruch mit einem \u00fcberdimentionalen Sprachrohr H =134 cm L = 183 cm-2\"><\/a><\/div><\/figure><figure class=\"gallery-item\"><div class=\"gallery-icon landscape\"><a href=\"https:\/\/www.erich-art.it\/wp-content\/uploads\/2018\/12\/figur.png\" data-lightbox=\"content\" data-title=\"\"><img decoding=\"async\" src=\"https:\/\/www.erich-art.it\/wp-content\/uploads\/2018\/12\/figur-350x350.png\" class=\"attachment-thumbnail size-thumbnail\" alt=\"figur\"><\/a><\/div><\/figure><figure class=\"gallery-item\"><div class=\"gallery-icon landscape\"><a href=\"https:\/\/www.erich-art.it\/wp-content\/uploads\/2019\/01\/Der-Stum-gewordene-Dialog.jpg\" data-lightbox=\"content\" data-title=\"\"><img decoding=\"async\" src=\"https:\/\/www.erich-art.it\/wp-content\/uploads\/2019\/01\/Der-Stum-gewordene-Dialog-350x350.jpg\" class=\"attachment-thumbnail size-thumbnail\" alt=\"Der-Stum-gewordene-Dialog\"><\/a><\/div><\/figure><figure class=\"gallery-item\"><div class=\"gallery-icon landscape\"><a href=\"https:\/\/www.erich-art.it\/wp-content\/uploads\/2019\/01\/Sprachrohr-2.jpg\" data-lightbox=\"content\" data-title=\"\"><img decoding=\"async\" src=\"https:\/\/www.erich-art.it\/wp-content\/uploads\/2019\/01\/Sprachrohr-2-350x350.jpg\" class=\"attachment-thumbnail size-thumbnail\" alt=\"Sprachrohr 2\"><\/a><\/div><\/figure><figure class=\"gallery-item\"><div class=\"gallery-icon landscape\"><a href=\"https:\/\/www.erich-art.it\/wp-content\/uploads\/2019\/01\/Sprachrohr-1.jpg\" data-lightbox=\"content\" data-title=\"\"><img decoding=\"async\" src=\"https:\/\/www.erich-art.it\/wp-content\/uploads\/2019\/01\/Sprachrohr-1-350x350.jpg\" class=\"attachment-thumbnail size-thumbnail\" alt=\"Sprachrohr 1\"><\/a><\/div><\/figure><figure class=\"gallery-item\"><div class=\"gallery-icon landscape\"><a href=\"https:\/\/www.erich-art.it\/wp-content\/uploads\/2019\/02\/2.jpg\" data-lightbox=\"content\" data-title=\"\"><img decoding=\"async\" src=\"https:\/\/www.erich-art.it\/wp-content\/uploads\/2019\/02\/2-350x350.jpg\" class=\"attachment-thumbnail size-thumbnail\" alt=\"2\"><\/a><\/div><\/figure><figure class=\"gallery-item\"><div class=\"gallery-icon landscape\"><a href=\"https:\/\/www.erich-art.it\/wp-content\/uploads\/2019\/02\/20130226_MK81761.jpg\" data-lightbox=\"content\" data-title=\"\"><img decoding=\"async\" src=\"https:\/\/www.erich-art.it\/wp-content\/uploads\/2019\/02\/20130226_MK81761-350x350.jpg\" class=\"attachment-thumbnail size-thumbnail\" alt=\"20130226_MK81761\"><\/a><\/div><\/figure><figure class=\"gallery-item\"><div class=\"gallery-icon landscape\"><a href=\"https:\/\/www.erich-art.it\/wp-content\/uploads\/2019\/02\/20130226_MK81682.jpg\" data-lightbox=\"content\" data-title=\"\"><img decoding=\"async\" src=\"https:\/\/www.erich-art.it\/wp-content\/uploads\/2019\/02\/20130226_MK81682-350x350.jpg\" class=\"attachment-thumbnail size-thumbnail\" alt=\"20130226_MK81682\"><\/a><\/div><\/figure><\/div>\n","protected":false},"excerpt":{"rendered":"<p>The society and the environment involuntarily affect my work, provoking emotional sensations. Everything has an impact on us: Politics, media, internet, facebook, etc. I work intuitively &#8211; an exposed mind, the face, hands and feet. The figures lead a dialogue with the speech -\/listening- tubes, larger at the top, slimmer at the bottom. The work [&hellip;]<\/p>\n","protected":false},"author":2,"featured_media":0,"parent":0,"menu_order":3,"comment_status":"closed","ping_status":"closed","template":"","meta":{"_acf_changed":false,"footnotes":""},"class_list":["post-536","page","type-page","status-publish","hentry"],"acf":[],"yoast_head":"<!-- This site is optimized with the Yoast SEO plugin v26.0 - https:\/\/yoast.com\/wordpress\/plugins\/seo\/ -->\n<title>Holzskulpturen Menschen und das Umfeld - Bildhauer Trocker Erich<\/title>\n<meta name=\"description\" content=\"Menschen und das Umfeld \u201esind Gebilde (H\u00f6r- und Sprachr\u00f6hre) nach oben \u00d6ffnungen, zum Boden hin verj\u00fcngern sie sich und sind auch verwurzelt\u201c.\" \/>\n<meta name=\"robots\" content=\"index, follow, max-snippet:-1, max-image-preview:large, max-video-preview:-1\" \/>\n<link rel=\"canonical\" href=\"https:\/\/www.erich-art.it\/en\/people-and-the-environment\/\" \/>\n<meta property=\"og:locale\" content=\"en_US\" \/>\n<meta property=\"og:type\" content=\"article\" \/>\n<meta property=\"og:title\" content=\"Holzskulpturen Menschen und das Umfeld - Bildhauer Trocker Erich\" \/>\n<meta property=\"og:description\" content=\"Menschen und das Umfeld \u201esind Gebilde (H\u00f6r- und Sprachr\u00f6hre) nach oben \u00d6ffnungen, zum Boden hin verj\u00fcngern sie sich und sind auch verwurzelt\u201c.\" \/>\n<meta property=\"og:url\" content=\"https:\/\/www.erich-art.it\/en\/people-and-the-environment\/\" \/>\n<meta property=\"og:site_name\" content=\"Trocker Erich - Sculptor &amp; Woodcarver\" \/>\n<meta property=\"article:modified_time\" content=\"2022-04-18T08:43:12+00:00\" \/>\n<meta property=\"og:image\" content=\"https:\/\/www.erich-art.it\/wp-content\/uploads\/2022\/04\/TroEri_21C_01-2_sRGB__M-350x350.jpg\" \/>\n<meta name=\"twitter:card\" content=\"summary_large_image\" \/>\n<meta name=\"twitter:label1\" content=\"Est. reading time\" \/>\n\t<meta name=\"twitter:data1\" content=\"1 minute\" \/>\n<script type=\"application\/ld+json\" class=\"yoast-schema-graph\">{\"@context\":\"https:\/\/schema.org\",\"@graph\":[{\"@type\":\"WebPage\",\"@id\":\"https:\/\/www.erich-art.it\/en\/people-and-the-environment\/\",\"url\":\"https:\/\/www.erich-art.it\/en\/people-and-the-environment\/\",\"name\":\"Holzskulpturen Menschen und das Umfeld - Bildhauer Trocker Erich\",\"isPartOf\":{\"@id\":\"https:\/\/www.erich-art.it\/#website\"},\"datePublished\":\"2019-08-08T16:06:51+00:00\",\"dateModified\":\"2022-04-18T08:43:12+00:00\",\"description\":\"Menschen und das Umfeld \u201esind Gebilde (H\u00f6r- und Sprachr\u00f6hre) nach oben \u00d6ffnungen, zum Boden hin verj\u00fcngern sie sich und sind auch verwurzelt\u201c.\",\"breadcrumb\":{\"@id\":\"https:\/\/www.erich-art.it\/en\/people-and-the-environment\/#breadcrumb\"},\"inLanguage\":\"en-US\",\"potentialAction\":[{\"@type\":\"ReadAction\",\"target\":[\"https:\/\/www.erich-art.it\/en\/people-and-the-environment\/\"]}]},{\"@type\":\"BreadcrumbList\",\"@id\":\"https:\/\/www.erich-art.it\/en\/people-and-the-environment\/#breadcrumb\",\"itemListElement\":[{\"@type\":\"ListItem\",\"position\":1,\"name\":\"Startseite\",\"item\":\"https:\/\/www.erich-art.it\/en\/\"},{\"@type\":\"ListItem\",\"position\":2,\"name\":\"People and the environment\"}]},{\"@type\":\"WebSite\",\"@id\":\"https:\/\/www.erich-art.it\/#website\",\"url\":\"https:\/\/www.erich-art.it\/\",\"name\":\"Trocker Erich :: Bildhauer\",\"description\":\"\",\"potentialAction\":[{\"@type\":\"SearchAction\",\"target\":{\"@type\":\"EntryPoint\",\"urlTemplate\":\"https:\/\/www.erich-art.it\/?s={search_term_string}\"},\"query-input\":{\"@type\":\"PropertyValueSpecification\",\"valueRequired\":true,\"valueName\":\"search_term_string\"}}],\"inLanguage\":\"en-US\"}]}<\/script>\n<!-- \/ Yoast SEO plugin. -->","yoast_head_json":{"title":"Holzskulpturen Menschen und das Umfeld - Bildhauer Trocker Erich","description":"Menschen und das Umfeld \u201esind Gebilde (H\u00f6r- und Sprachr\u00f6hre) nach oben \u00d6ffnungen, zum Boden hin verj\u00fcngern sie sich und sind auch verwurzelt\u201c.","robots":{"index":"index","follow":"follow","max-snippet":"max-snippet:-1","max-image-preview":"max-image-preview:large","max-video-preview":"max-video-preview:-1"},"canonical":"https:\/\/www.erich-art.it\/en\/people-and-the-environment\/","og_locale":"en_US","og_type":"article","og_title":"Holzskulpturen Menschen und das Umfeld - Bildhauer Trocker Erich","og_description":"Menschen und das Umfeld \u201esind Gebilde (H\u00f6r- und Sprachr\u00f6hre) nach oben \u00d6ffnungen, zum Boden hin verj\u00fcngern sie sich und sind auch verwurzelt\u201c.","og_url":"https:\/\/www.erich-art.it\/en\/people-and-the-environment\/","og_site_name":"Trocker Erich - Sculptor &amp; Woodcarver","article_modified_time":"2022-04-18T08:43:12+00:00","og_image":[{"url":"https:\/\/www.erich-art.it\/wp-content\/uploads\/2022\/04\/TroEri_21C_01-2_sRGB__M-350x350.jpg","type":"","width":"","height":""}],"twitter_card":"summary_large_image","twitter_misc":{"Est. reading time":"1 minute"},"schema":{"@context":"https:\/\/schema.org","@graph":[{"@type":"WebPage","@id":"https:\/\/www.erich-art.it\/en\/people-and-the-environment\/","url":"https:\/\/www.erich-art.it\/en\/people-and-the-environment\/","name":"Holzskulpturen Menschen und das Umfeld - Bildhauer Trocker Erich","isPartOf":{"@id":"https:\/\/www.erich-art.it\/#website"},"datePublished":"2019-08-08T16:06:51+00:00","dateModified":"2022-04-18T08:43:12+00:00","description":"Menschen und das Umfeld \u201esind Gebilde (H\u00f6r- und Sprachr\u00f6hre) nach oben \u00d6ffnungen, zum Boden hin verj\u00fcngern sie sich und sind auch verwurzelt\u201c.","breadcrumb":{"@id":"https:\/\/www.erich-art.it\/en\/people-and-the-environment\/#breadcrumb"},"inLanguage":"en-US","potentialAction":[{"@type":"ReadAction","target":["https:\/\/www.erich-art.it\/en\/people-and-the-environment\/"]}]},{"@type":"BreadcrumbList","@id":"https:\/\/www.erich-art.it\/en\/people-and-the-environment\/#breadcrumb","itemListElement":[{"@type":"ListItem","position":1,"name":"Startseite","item":"https:\/\/www.erich-art.it\/en\/"},{"@type":"ListItem","position":2,"name":"People and the environment"}]},{"@type":"WebSite","@id":"https:\/\/www.erich-art.it\/#website","url":"https:\/\/www.erich-art.it\/","name":"Trocker Erich :: Bildhauer","description":"","potentialAction":[{"@type":"SearchAction","target":{"@type":"EntryPoint","urlTemplate":"https:\/\/www.erich-art.it\/?s={search_term_string}"},"query-input":{"@type":"PropertyValueSpecification","valueRequired":true,"valueName":"search_term_string"}}],"inLanguage":"en-US"}]}},"_links":{"self":[{"href":"https:\/\/www.erich-art.it\/en\/wp-json\/wp\/v2\/pages\/536","targetHints":{"allow":["GET"]}}],"collection":[{"href":"https:\/\/www.erich-art.it\/en\/wp-json\/wp\/v2\/pages"}],"about":[{"href":"https:\/\/www.erich-art.it\/en\/wp-json\/wp\/v2\/types\/page"}],"author":[{"embeddable":true,"href":"https:\/\/www.erich-art.it\/en\/wp-json\/wp\/v2\/users\/2"}],"replies":[{"embeddable":true,"href":"https:\/\/www.erich-art.it\/en\/wp-json\/wp\/v2\/comments?post=536"}],"version-history":[{"count":5,"href":"https:\/\/www.erich-art.it\/en\/wp-json\/wp\/v2\/pages\/536\/revisions"}],"predecessor-version":[{"id":871,"href":"https:\/\/www.erich-art.it\/en\/wp-json\/wp\/v2\/pages\/536\/revisions\/871"}],"wp:attachment":[{"href":"https:\/\/www.erich-art.it\/en\/wp-json\/wp\/v2\/media?parent=536"}],"curies":[{"name":"wp","href":"https:\/\/api.w.org\/{rel}","templated":true}]}}